{"id":837,"date":"2024-02-26T11:22:30","date_gmt":"2024-02-26T10:22:30","guid":{"rendered":"https:\/\/redacozan.fr\/?page_id=837"},"modified":"2024-05-07T09:37:28","modified_gmt":"2024-05-07T07:37:28","slug":"prestations","status":"publish","type":"page","link":"https:\/\/redacozan.fr\/?page_id=837","title":{"rendered":"Prestations"},"content":{"rendered":"\n<div class=\"wp-block-group alignfull has-contrast-light-background-color has-background has-global-padding is-layout-constrained wp-container-core-group-layout-6 wp-block-group-is-layout-constrained\" style=\"margin-top:0;margin-bottom:0;padding-top:var(--wp--preset--spacing--superbspacing-xxlarge);padding-right:var(--wp--preset--spacing--superbspacing-small);padding-bottom:var(--wp--preset--spacing--superbspacing-small);padding-left:var(--wp--preset--spacing--superbspacing-small)\">\n<div class=\"wp-block-group alignwide has-global-padding is-layout-constrained wp-container-core-group-layout-1 wp-block-group-is-layout-constrained\">\n<h2 class=\"wp-block-heading has-text-align-center has-contrast-color has-text-color has-superbfont-xlarge-font-size\">Vous racontez, nous \u00e9crivons<\/h2>\n\n\n\n<p class=\"has-text-align-center has-mono-2-color has-text-color has-superbfont-xsmall-font-size\">Chez R\u00e9dac oza\u00f1, nous sommes convaincus par le pouvoir des mots. C\u2019est pourquoi nous avons d\u00e9cid\u00e9 de faire de la r\u00e9daction le coeur de notre activit\u00e9. Nous produisons des contenus sur mesure et manions l\u2019\u00e9crit avec rigueur et pr\u00e9cision.<\/p>\n<\/div>\n\n\n\n<div class=\"wp-block-group has-global-padding is-layout-constrained wp-container-core-group-layout-5 wp-block-group-is-layout-constrained\">\n<div class=\"wp-block-group has-border-color has-base-background-color has-background has-global-padding is-content-justification-left is-layout-constrained wp-container-core-group-layout-2 wp-block-group-is-layout-constrained\" style=\"border-color:#D4D4D8;border-radius:0px;padding-top:var(--wp--preset--spacing--superbspacing-small);padding-right:var(--wp--preset--spacing--superbspacing-small);padding-bottom:var(--wp--preset--spacing--superbspacing-small);padding-left:var(--wp--preset--spacing--superbspacing-small)\">\n<figure class=\"wp-block-image size-large is-resized\"><img decoding=\"async\" src=\"https:\/\/redacozan.fr\/wp-content\/themes\/creativity-hub\/assets\/images\/icon-001.png\" alt=\"\" style=\"object-fit:cover;width:48px;height:48px\"\/><\/figure>\n\n\n\n<h3 class=\"wp-block-heading has-text-align-left has-contrast-color has-text-color has-superbfont-small-font-size\">R\u00e9daction print<\/h3>\n\n\n\n<p class=\"has-text-align-left has-secondary-color has-text-color has-superbfont-xxsmall-font-size\">Brochures, articles de magazines, communiqu\u00e9 de presse, dossiers de presse\u2026 R\u00e9dac oza\u00f1 vous accompagne et r\u00e9alise tous vos supports print pour une communication puissante aupr\u00e8s de votre cible.<\/p>\n<\/div>\n\n\n\n<div class=\"wp-block-group has-border-color has-base-background-color has-background has-global-padding is-content-justification-left is-layout-constrained wp-container-core-group-layout-3 wp-block-group-is-layout-constrained\" style=\"border-color:#D4D4D8;border-radius:0px;padding-top:var(--wp--preset--spacing--superbspacing-small);padding-right:var(--wp--preset--spacing--superbspacing-small);padding-bottom:var(--wp--preset--spacing--superbspacing-small);padding-left:var(--wp--preset--spacing--superbspacing-small)\">\n<figure class=\"wp-block-image size-large is-resized\"><img decoding=\"async\" src=\"https:\/\/redacozan.fr\/wp-content\/themes\/creativity-hub\/assets\/images\/icon-002.png\" alt=\"\" style=\"object-fit:cover;width:48px;height:48px\"\/><\/figure>\n\n\n\n<h3 class=\"wp-block-heading has-text-align-left has-contrast-color has-text-color has-superbfont-small-font-size\">R\u00e9daction web<\/h3>\n\n\n\n<p class=\"has-text-align-left has-secondary-color has-text-color has-superbfont-xxsmall-font-size\">R\u00e9dac oza\u00f1 prend en charge la r\u00e9daction de votre blog, de vos pages internet, de vos diff\u00e9rentes publications en vous assurant une qualit\u00e9 journalistique et professionnelle.<\/p>\n<\/div>\n\n\n\n<div class=\"wp-block-group has-border-color has-base-background-color has-background has-global-padding is-content-justification-left is-layout-constrained wp-container-core-group-layout-4 wp-block-group-is-layout-constrained\" style=\"border-color:#D4D4D8;border-radius:0px;padding-top:var(--wp--preset--spacing--superbspacing-small);padding-right:var(--wp--preset--spacing--superbspacing-small);padding-bottom:var(--wp--preset--spacing--superbspacing-small);padding-left:var(--wp--preset--spacing--superbspacing-small)\">\n<figure class=\"wp-block-image size-large is-resized\"><img decoding=\"async\" src=\"https:\/\/redacozan.fr\/wp-content\/themes\/creativity-hub\/assets\/images\/icon-004.png\" alt=\"\" style=\"object-fit:cover;width:48px;height:48px\"\/><\/figure>\n\n\n\n<h3 class=\"wp-block-heading has-text-align-left has-contrast-color has-text-color has-superbfont-small-font-size\">Formation<\/h3>\n\n\n\n<p class=\"has-text-align-left has-secondary-color has-text-color has-superbfont-xxsmall-font-size\">Chez R\u00e9dac oza\u00f1, nous avons le go\u00fbt de la transmission. C\u2019est pourquoi nous avons fait le choix de nous investir aupr\u00e8s des futurs communicants, actuellement en \u00e9cole, pour leur apporter toutes les cl\u00e9s d\u2019une bonne r\u00e9daction. Nous proposons \u00e9galement des formations aupr\u00e8s des entreprises priv\u00e9es et publiques qui souhaiteraient d\u00e9velopper leurs comp\u00e9tences r\u00e9dactionnelles en interne.&nbsp;<\/p>\n<\/div>\n<\/div>\n<\/div>\n","protected":false},"excerpt":{"rendered":"<p>Vous racontez, nous \u00e9crivons Chez R\u00e9dac oza\u00f1, nous sommes convaincus par le pouvoir des mots. C\u2019est pourquoi nous avons d\u00e9cid\u00e9 de faire de la r\u00e9daction le coeur de notre activit\u00e9. Nous produisons des contenus sur mesure et manions l\u2019\u00e9crit avec rigueur et pr\u00e9cision. R\u00e9daction print Brochures, articles de magazines, communiqu\u00e9 de presse, dossiers de presse\u2026 [&hellip;]<\/p>\n","protected":false},"author":1,"featured_media":0,"parent":0,"menu_order":0,"comment_status":"closed","ping_status":"closed","template":"","meta":{"footnotes":""},"_links":{"self":[{"href":"https:\/\/redacozan.fr\/index.php?rest_route=\/wp\/v2\/pages\/837"}],"collection":[{"href":"https:\/\/redacozan.fr\/index.php?rest_route=\/wp\/v2\/pages"}],"about":[{"href":"https:\/\/redacozan.fr\/index.php?rest_route=\/wp\/v2\/types\/page"}],"author":[{"embeddable":true,"href":"https:\/\/redacozan.fr\/index.php?rest_route=\/wp\/v2\/users\/1"}],"replies":[{"embeddable":true,"href":"https:\/\/redacozan.fr\/index.php?rest_route=%2Fwp%2Fv2%2Fcomments&post=837"}],"version-history":[{"count":4,"href":"https:\/\/redacozan.fr\/index.php?rest_route=\/wp\/v2\/pages\/837\/revisions"}],"predecessor-version":[{"id":862,"href":"https:\/\/redacozan.fr\/index.php?rest_route=\/wp\/v2\/pages\/837\/revisions\/862"}],"wp:attachment":[{"href":"https:\/\/redacozan.fr\/index.php?rest_route=%2Fwp%2Fv2%2Fmedia&parent=837"}],"curies":[{"name":"wp","href":"https:\/\/api.w.org\/{rel}","templated":true}]}}