{"id":835,"date":"2024-02-26T11:22:10","date_gmt":"2024-02-26T10:22:10","guid":{"rendered":"https:\/\/redacozan.fr\/?page_id=835"},"modified":"2024-08-20T17:49:25","modified_gmt":"2024-08-20T15:49:25","slug":"lequipe","status":"publish","type":"page","link":"https:\/\/redacozan.fr\/?page_id=835","title":{"rendered":"Une \u00e9quipe de professionnels \u00e0 votre service"},"content":{"rendered":"\n<p>R\u00e9dac oza\u00f1 vous accompagne pour penser une strat\u00e9gie \u00e9ditoriale et produire des contenus en suivant un objectif d\u00e9fini ensemble : accro\u00eetre votre notori\u00e9t\u00e9, augmenter votre satisfaction client, g\u00e9n\u00e9rer des leads. <\/p>\n\n\n\n<p>Nous avons \u00e0 coeur de construire des rapports professionnels centr\u00e9s sur l\u2019humain gr\u00e2ce \u00e0 des partenariats de long terme et de confiance. <\/p>\n\n\n\n<p>En plus de la cr\u00e9ation de contenus, nous vous accompagnons dans votre strat\u00e9gie et dans l\u2019\u00e9laboration d\u2019un calendrier \u00e9ditorial. Une strat\u00e9gie de contenu ne fonctionne que si elle s\u2019inscrit dans la dur\u00e9e et de mani\u00e8re r\u00e9currente. Un calendrier \u00e9ditorial vous permet non seulement d\u2019anticiper les prochaines \u00e9ch\u00e9ances, mais aussi et surtout de publier vos contenus \u00e0 des dates cl\u00e9s pour votre business. <\/p>\n\n\n\n<p><\/p>\n","protected":false},"excerpt":{"rendered":"<p>R\u00e9dac oza\u00f1 vous accompagne pour penser une strat\u00e9gie \u00e9ditoriale et produire des contenus en suivant un objectif d\u00e9fini ensemble : accro\u00eetre votre notori\u00e9t\u00e9, augmenter votre satisfaction client, g\u00e9n\u00e9rer des leads. Nous avons \u00e0 coeur de construire des rapports professionnels centr\u00e9s sur l\u2019humain gr\u00e2ce \u00e0 des partenariats de long terme et de confiance. En plus de [&hellip;]<\/p>\n","protected":false},"author":1,"featured_media":0,"parent":0,"menu_order":0,"comment_status":"closed","ping_status":"closed","template":"","meta":{"footnotes":""},"_links":{"self":[{"href":"https:\/\/redacozan.fr\/index.php?rest_route=\/wp\/v2\/pages\/835"}],"collection":[{"href":"https:\/\/redacozan.fr\/index.php?rest_route=\/wp\/v2\/pages"}],"about":[{"href":"https:\/\/redacozan.fr\/index.php?rest_route=\/wp\/v2\/types\/page"}],"author":[{"embeddable":true,"href":"https:\/\/redacozan.fr\/index.php?rest_route=\/wp\/v2\/users\/1"}],"replies":[{"embeddable":true,"href":"https:\/\/redacozan.fr\/index.php?rest_route=%2Fwp%2Fv2%2Fcomments&post=835"}],"version-history":[{"count":3,"href":"https:\/\/redacozan.fr\/index.php?rest_route=\/wp\/v2\/pages\/835\/revisions"}],"predecessor-version":[{"id":889,"href":"https:\/\/redacozan.fr\/index.php?rest_route=\/wp\/v2\/pages\/835\/revisions\/889"}],"wp:attachment":[{"href":"https:\/\/redacozan.fr\/index.php?rest_route=%2Fwp%2Fv2%2Fmedia&parent=835"}],"curies":[{"name":"wp","href":"https:\/\/api.w.org\/{rel}","templated":true}]}}